{"id":13,"date":"2024-11-30T21:54:58","date_gmt":"2024-11-30T21:54:58","guid":{"rendered":"https:\/\/wishandhope.com\/?page_id=13"},"modified":"2024-12-02T19:08:07","modified_gmt":"2024-12-02T19:08:07","slug":"impacto-ambiental","status":"publish","type":"page","link":"https:\/\/wishandhope.com\/es\/impacto-ambiental\/","title":{"rendered":"Impacto Ambiental"},"content":{"rendered":"<h3 class=\"wp-block-heading\">Recolecci\u00f3n selectiva de residuos textiles<\/h3>\n\n\n\n<p>En Wish and Hope LLC, estamos comprometidos con la gesti\u00f3n sostenible de los residuos textiles en la regi\u00f3n, trabajando para maximizar su reutilizaci\u00f3n y convertirlos en recursos con un impacto social positivo. Promovemos un modelo de econom\u00eda circular que fomenta la sostenibilidad y la reducci\u00f3n de desechos.<br><br><\/p>\n\n\n\n<p><\/p>\n\n\n\n<h3 class=\"wp-block-heading\">Preparaci\u00f3n para la reutilizaci\u00f3n<\/h3>\n\n\n\n<p>Aseguramos que 9 de cada 10 prendas recolectadas tengan una segunda vida mediante procesos de reutilizaci\u00f3n o reciclaje, alineados con est\u00e1ndares de calidad y respeto ambiental.<br><br><\/p>\n\n\n\n<p><\/p>\n\n\n\n<h3 class=\"wp-block-heading\">Transparencia y trazabilidad<\/h3>\n\n\n\n<p>Supervisamos cuidadosamente la cadena de valor textil, priorizando su transformaci\u00f3n en productos \u00fatiles y minimizando los desechos no reciclables para apoyar econom\u00edas locales y globales.<br><br><\/p>\n\n\n\n<p>Para m\u00e1s informaci\u00f3n, cont\u00e1ctanos.<\/p>","protected":false},"excerpt":{"rendered":"<p>Selective Collection of Textile Waste At Wish and Hope LLC, we are dedicated to the sustainable management of textile waste in the region, maximizing reuse and transforming it into resources with a positive social impact. Our circular economy model promotes sustainability and waste reduction. Preparation for Reuse We ensure that 9 out of 10 collected [&hellip;]<\/p>\n","protected":false},"author":1,"featured_media":0,"parent":0,"menu_order":0,"comment_status":"closed","ping_status":"closed","template":"","meta":{"footnotes":""},"class_list":["post-13","page","type-page","status-publish","hentry"],"_links":{"self":[{"href":"https:\/\/wishandhope.com\/es\/wp-json\/wp\/v2\/pages\/13","targetHints":{"allow":["GET"]}}],"collection":[{"href":"https:\/\/wishandhope.com\/es\/wp-json\/wp\/v2\/pages"}],"about":[{"href":"https:\/\/wishandhope.com\/es\/wp-json\/wp\/v2\/types\/page"}],"author":[{"embeddable":true,"href":"https:\/\/wishandhope.com\/es\/wp-json\/wp\/v2\/users\/1"}],"replies":[{"embeddable":true,"href":"https:\/\/wishandhope.com\/es\/wp-json\/wp\/v2\/comments?post=13"}],"version-history":[{"count":4,"href":"https:\/\/wishandhope.com\/es\/wp-json\/wp\/v2\/pages\/13\/revisions"}],"predecessor-version":[{"id":137,"href":"https:\/\/wishandhope.com\/es\/wp-json\/wp\/v2\/pages\/13\/revisions\/137"}],"wp:attachment":[{"href":"https:\/\/wishandhope.com\/es\/wp-json\/wp\/v2\/media?parent=13"}],"curies":[{"name":"wp","href":"https:\/\/api.w.org\/{rel}","templated":true}]}}