{"id":227,"date":"2025-02-14T14:12:14","date_gmt":"2025-02-14T14:12:14","guid":{"rendered":"https:\/\/wishandhope.com\/?page_id=227"},"modified":"2025-02-27T21:50:25","modified_gmt":"2025-02-27T21:50:25","slug":"como-trabajamos","status":"publish","type":"page","link":"https:\/\/wishandhope.com\/es\/como-trabajamos\/","title":{"rendered":"\u00bfQu\u00e9 hacemos?"},"content":{"rendered":"<style>\n    \/* Subrayar todos los enlaces al pasar el cursor *\/\n    a:hover {\n        text-decoration: underline !important;\n    }\n<\/style>\n\n\n<h2 class=\"wp-block-heading\">Qu\u00e9 hacemos<\/h2>\n\n\n\n<p><strong>Nos especializamos en la venta de productos por peso (libras o kilos), incluyendo<\/strong> ropa usada clasificada y de donaci\u00f3n, zapatos, bolsos, juguetes blandos y duros, utensilios de cocina, art\u00edculos de Navidad y cristaler\u00eda.<\/p>\n\n\n\n<p><strong>A nivel mundial, nos enfocamos en Latinoam\u00e9rica. Desde nuestra fundaci\u00f3n, hemos estado comprometidos con llevar productos de excelente calidad y procedencia estadounidense a todos los rincones del planeta.<\/strong><\/p>\n\n\n\n<h3 class=\"wp-block-heading\">\u00bfPor qu\u00e9 elegir productos de segunda mano?<\/h3>\n\n\n\n<p>\u2705 Alta rentabilidad: <strong>Los precios son mucho m\u00e1s bajos que los de las tiendas convencionales, \u00a1pero la calidad es de primera!<\/strong><br>\u2705 Accesibilidad: <strong>Con productos de diferentes calidades y estilos, todos pueden encontrar algo que se ajuste a su presupuesto.<\/strong><br>\u2705 Marcas a tu alcance: <strong>\u00bfTe imaginas tener productos de las mejores marcas americanas a precios bajos? \u00a1Ahora es posible!<\/strong><\/p>\n\n\n\n<p><strong>Este negocio est\u00e1 marcando tendencia en todo el mundo, y sabemos que es una oportunidad \u00fanica para ofrecer productos de calidad a precios accesibles.<\/strong><\/p>\n\n\n\n<h3 class=\"wp-block-heading\">Sobre Wish and Hope<\/h3>\n\n\n\n<p><strong>As\u00ed naci\u00f3<\/strong> Wish and Hope, <strong>una empresa dedicada a distribuir las mejores tendencias y productos en toda Latinoam\u00e9rica, exportando contenedores desde Estados Unidos al resto del mundo.<\/strong><\/p>\n\n\n\n<p><strong>Con sede en los estados de Georgia y Florida, gestionamos nuestros almacenes para asegurar una distribuci\u00f3n eficiente, tanto para peque\u00f1os como grandes comerciantes. Contamos con el centro de selecci\u00f3n m\u00e1s grande de Georgia y trabajamos con los m\u00e1s altos est\u00e1ndares de calidad, garantizando que cada producto cumpla con las expectativas de nuestros clientes.<\/strong><\/p>\n\n\n\n<p><strong>Hoy, trabajamos con la firme intenci\u00f3n de convertirnos en la marca de referencia mundial en la distribuci\u00f3n de productos usados de excelente calidad. Nos esforzamos por expandir nuestras operaciones y ofrecer un producto que no solo sea de calidad, sino tambi\u00e9n accesible y sostenible para todos.<\/strong><\/p>\n\n\n\n<p><strong>Este es solo el comienzo de un camino lleno de oportunidades para emprendedores y comerciantes que se unen a nuestro proyecto.<\/strong> Si buscas calidad, tendencias y una inversi\u00f3n segura, Wish and Hope es tu mejor opci\u00f3n.<\/p>","protected":false},"excerpt":{"rendered":"<p>What We Do We specialize in selling products by weight (pounds or kilos), including sorted and donated second-hand clothing, shoes, bags, soft and hard toys, kitchen utensils, Christmas items, and glassware. Globally, we focus on Latin America. Since our founding, we have been committed to delivering high-quality, American-sourced products to every corner of the world. [&hellip;]<\/p>\n","protected":false},"author":1,"featured_media":0,"parent":0,"menu_order":0,"comment_status":"closed","ping_status":"closed","template":"","meta":{"footnotes":""},"class_list":["post-227","page","type-page","status-publish","hentry"],"_links":{"self":[{"href":"https:\/\/wishandhope.com\/es\/wp-json\/wp\/v2\/pages\/227","targetHints":{"allow":["GET"]}}],"collection":[{"href":"https:\/\/wishandhope.com\/es\/wp-json\/wp\/v2\/pages"}],"about":[{"href":"https:\/\/wishandhope.com\/es\/wp-json\/wp\/v2\/types\/page"}],"author":[{"embeddable":true,"href":"https:\/\/wishandhope.com\/es\/wp-json\/wp\/v2\/users\/1"}],"replies":[{"embeddable":true,"href":"https:\/\/wishandhope.com\/es\/wp-json\/wp\/v2\/comments?post=227"}],"version-history":[{"count":7,"href":"https:\/\/wishandhope.com\/es\/wp-json\/wp\/v2\/pages\/227\/revisions"}],"predecessor-version":[{"id":371,"href":"https:\/\/wishandhope.com\/es\/wp-json\/wp\/v2\/pages\/227\/revisions\/371"}],"wp:attachment":[{"href":"https:\/\/wishandhope.com\/es\/wp-json\/wp\/v2\/media?parent=227"}],"curies":[{"name":"wp","href":"https:\/\/api.w.org\/{rel}","templated":true}]}}