{"id":230,"date":"2025-02-14T14:15:51","date_gmt":"2025-02-14T14:15:51","guid":{"rendered":"https:\/\/wishandhope.com\/?page_id=230"},"modified":"2025-02-27T21:47:18","modified_gmt":"2025-02-27T21:47:18","slug":"como-trabajamos-2","status":"publish","type":"page","link":"https:\/\/wishandhope.com\/es\/como-trabajamos-2\/","title":{"rendered":"How we work"},"content":{"rendered":"<style>\n    \/* Subrayar todos los enlaces al pasar el cursor *\/\n    a:hover {\n        text-decoration: underline !important;\n    }\n<\/style>\n\n\n<h2 class=\"wp-block-heading\">C\u00f3mo trabajamos<\/h2>\n\n\n\n<p>No te preocupes, nos encargamos de todo el proceso. Ponemos el contenedor en tu pa\u00eds.<\/p>\n\n\n\n<p>1\ufe0f\u20e3 Cotizaci\u00f3n sin costo: <strong>Realizamos una cotizaci\u00f3n gratuita para el armado de tu contenedor seg\u00fan tu elecci\u00f3n, permitiendo la combinaci\u00f3n de diferentes productos en el mismo env\u00edo.<\/strong><\/p>\n\n\n\n<p>2\ufe0f\u20e3 Tama\u00f1os de contenedor:<strong> El cliente puede elegir entre un contenedor de 20 pies (capacidad m\u00e1xima de 20,000 libras o 9,071 kg) o de 40 pies (capacidad m\u00e1xima de 40,000 libras o 18,143 kg).<\/strong><\/p>\n\n\n\n<p>3\ufe0f\u20e3 Armado personalizado: <strong>Organizamos los productos seg\u00fan tus necesidades, permitiendo una mezcla de art\u00edculos en pacas, cajas, fardos o bolsas cerradas (capsacks).<\/strong><\/p>\n\n\n\n<p>4\ufe0f\u20e3 Pesaje previo: <strong>Cada producto se pesa antes de ser cargado en el contenedor.<\/strong><\/p>\n\n\n\n<p>5\ufe0f\u20e3 Registro fotogr\u00e1fico: <strong>Tomamos fotograf\u00edas de cada producto con su peso correspondiente durante la carga y elaboramos un listado detallado de toda la mercanc\u00eda.<\/strong><\/p>\n\n\n\n<p>6\ufe0f\u20e3 Env\u00edo de informaci\u00f3n: <strong>Enviamos todas las fotos y el detalle de los productos con su peso correspondiente v\u00eda email o WhatsApp el mismo d\u00eda de la carga.<\/strong><\/p>\n\n\n\n<p>7\ufe0f\u20e3 Sellado y seguridad: <strong>Cerramos el contenedor, colocamos un sello de seguridad y enviamos fotos del exterior del contenedor con su matr\u00edcula correspondiente.<\/strong><\/p>\n\n\n\n<p>8\ufe0f\u20e3 Gesti\u00f3n log\u00edstica: <strong>Nos encargamos de todos los tr\u00e1mites aduaneros en Estados Unidos, el transporte en cami\u00f3n hasta el puerto y el embarque del contenedor en el barco con destino final.<\/strong><\/p>\n\n\n\n<figure class=\"wp-block-gallery has-nested-images columns-default is-cropped wp-block-gallery-1 is-layout-flex wp-block-gallery-is-layout-flex\">\n<figure class=\"wp-block-image size-large\"><img loading=\"lazy\" decoding=\"async\" width=\"1024\" height=\"768\" data-id=\"295\" src=\"https:\/\/wishandhope.com\/wp-content\/uploads\/2025\/02\/WhatsApp-Image-2025-02-25-at-12.16.17-1024x768.jpeg\" alt=\"\" class=\"wp-image-295\" srcset=\"https:\/\/wishandhope.com\/wp-content\/uploads\/2025\/02\/WhatsApp-Image-2025-02-25-at-12.16.17-1024x768.jpeg 1024w, https:\/\/wishandhope.com\/wp-content\/uploads\/2025\/02\/WhatsApp-Image-2025-02-25-at-12.16.17-300x225.jpeg 300w, https:\/\/wishandhope.com\/wp-content\/uploads\/2025\/02\/WhatsApp-Image-2025-02-25-at-12.16.17-768x576.jpeg 768w, https:\/\/wishandhope.com\/wp-content\/uploads\/2025\/02\/WhatsApp-Image-2025-02-25-at-12.16.17-1536x1152.jpeg 1536w, https:\/\/wishandhope.com\/wp-content\/uploads\/2025\/02\/WhatsApp-Image-2025-02-25-at-12.16.17-2048x1536.jpeg 2048w, https:\/\/wishandhope.com\/wp-content\/uploads\/2025\/02\/WhatsApp-Image-2025-02-25-at-12.16.17-16x12.jpeg 16w\" sizes=\"auto, (max-width: 1024px) 100vw, 1024px\" \/><\/figure>\n\n\n\n<figure class=\"wp-block-image size-large\"><img loading=\"lazy\" decoding=\"async\" width=\"1024\" height=\"768\" data-id=\"297\" src=\"https:\/\/wishandhope.com\/wp-content\/uploads\/2025\/02\/WhatsApp-Image-2025-02-25-at-12.16.33-1024x768.jpeg\" alt=\"\" class=\"wp-image-297\" srcset=\"https:\/\/wishandhope.com\/wp-content\/uploads\/2025\/02\/WhatsApp-Image-2025-02-25-at-12.16.33-1024x768.jpeg 1024w, https:\/\/wishandhope.com\/wp-content\/uploads\/2025\/02\/WhatsApp-Image-2025-02-25-at-12.16.33-300x225.jpeg 300w, https:\/\/wishandhope.com\/wp-content\/uploads\/2025\/02\/WhatsApp-Image-2025-02-25-at-12.16.33-768x576.jpeg 768w, https:\/\/wishandhope.com\/wp-content\/uploads\/2025\/02\/WhatsApp-Image-2025-02-25-at-12.16.33-1536x1152.jpeg 1536w, https:\/\/wishandhope.com\/wp-content\/uploads\/2025\/02\/WhatsApp-Image-2025-02-25-at-12.16.33-2048x1536.jpeg 2048w, https:\/\/wishandhope.com\/wp-content\/uploads\/2025\/02\/WhatsApp-Image-2025-02-25-at-12.16.33-16x12.jpeg 16w\" sizes=\"auto, (max-width: 1024px) 100vw, 1024px\" \/><\/figure>\n\n\n\n<figure class=\"wp-block-image size-large\"><img loading=\"lazy\" decoding=\"async\" width=\"768\" height=\"1024\" data-id=\"290\" src=\"https:\/\/wishandhope.com\/wp-content\/uploads\/2025\/02\/WhatsApp-Image-2025-02-25-at-12.15.57-2-768x1024.jpeg\" alt=\"\" class=\"wp-image-290\" srcset=\"https:\/\/wishandhope.com\/wp-content\/uploads\/2025\/02\/WhatsApp-Image-2025-02-25-at-12.15.57-2-768x1024.jpeg 768w, https:\/\/wishandhope.com\/wp-content\/uploads\/2025\/02\/WhatsApp-Image-2025-02-25-at-12.15.57-2-225x300.jpeg 225w, https:\/\/wishandhope.com\/wp-content\/uploads\/2025\/02\/WhatsApp-Image-2025-02-25-at-12.15.57-2-1152x1536.jpeg 1152w, https:\/\/wishandhope.com\/wp-content\/uploads\/2025\/02\/WhatsApp-Image-2025-02-25-at-12.15.57-2-1536x2048.jpeg 1536w, https:\/\/wishandhope.com\/wp-content\/uploads\/2025\/02\/WhatsApp-Image-2025-02-25-at-12.15.57-2-9x12.jpeg 9w, https:\/\/wishandhope.com\/wp-content\/uploads\/2025\/02\/WhatsApp-Image-2025-02-25-at-12.15.57-2-scaled.jpeg 1920w\" sizes=\"auto, (max-width: 768px) 100vw, 768px\" \/><\/figure>\n\n\n\n<figure class=\"wp-block-image size-large\"><img loading=\"lazy\" decoding=\"async\" width=\"768\" height=\"1024\" data-id=\"293\" src=\"https:\/\/wishandhope.com\/wp-content\/uploads\/2025\/02\/WhatsApp-Image-2025-02-25-at-12.15.56-2-1-768x1024.jpeg\" alt=\"\" class=\"wp-image-293\" srcset=\"https:\/\/wishandhope.com\/wp-content\/uploads\/2025\/02\/WhatsApp-Image-2025-02-25-at-12.15.56-2-1-768x1024.jpeg 768w, https:\/\/wishandhope.com\/wp-content\/uploads\/2025\/02\/WhatsApp-Image-2025-02-25-at-12.15.56-2-1-225x300.jpeg 225w, https:\/\/wishandhope.com\/wp-content\/uploads\/2025\/02\/WhatsApp-Image-2025-02-25-at-12.15.56-2-1-1152x1536.jpeg 1152w, https:\/\/wishandhope.com\/wp-content\/uploads\/2025\/02\/WhatsApp-Image-2025-02-25-at-12.15.56-2-1-1536x2048.jpeg 1536w, https:\/\/wishandhope.com\/wp-content\/uploads\/2025\/02\/WhatsApp-Image-2025-02-25-at-12.15.56-2-1-9x12.jpeg 9w, https:\/\/wishandhope.com\/wp-content\/uploads\/2025\/02\/WhatsApp-Image-2025-02-25-at-12.15.56-2-1-scaled.jpeg 1920w\" sizes=\"auto, (max-width: 768px) 100vw, 768px\" \/><\/figure>\n\n\n\n<figure class=\"wp-block-image size-large\"><img loading=\"lazy\" decoding=\"async\" width=\"768\" height=\"1024\" data-id=\"294\" src=\"https:\/\/wishandhope.com\/wp-content\/uploads\/2025\/02\/WhatsApp-Image-2025-02-25-at-12.15.54-1-768x1024.jpeg\" alt=\"\" class=\"wp-image-294\" srcset=\"https:\/\/wishandhope.com\/wp-content\/uploads\/2025\/02\/WhatsApp-Image-2025-02-25-at-12.15.54-1-768x1024.jpeg 768w, https:\/\/wishandhope.com\/wp-content\/uploads\/2025\/02\/WhatsApp-Image-2025-02-25-at-12.15.54-1-225x300.jpeg 225w, https:\/\/wishandhope.com\/wp-content\/uploads\/2025\/02\/WhatsApp-Image-2025-02-25-at-12.15.54-1-1152x1536.jpeg 1152w, https:\/\/wishandhope.com\/wp-content\/uploads\/2025\/02\/WhatsApp-Image-2025-02-25-at-12.15.54-1-1536x2048.jpeg 1536w, https:\/\/wishandhope.com\/wp-content\/uploads\/2025\/02\/WhatsApp-Image-2025-02-25-at-12.15.54-1-9x12.jpeg 9w, https:\/\/wishandhope.com\/wp-content\/uploads\/2025\/02\/WhatsApp-Image-2025-02-25-at-12.15.54-1-scaled.jpeg 1920w\" sizes=\"auto, (max-width: 768px) 100vw, 768px\" \/><\/figure>\n\n\n\n<figure class=\"wp-block-image size-large\"><img loading=\"lazy\" decoding=\"async\" width=\"1024\" height=\"581\" data-id=\"342\" src=\"https:\/\/wishandhope.com\/wp-content\/uploads\/2025\/02\/1.jpeg-1024x581.webp\" alt=\"\" class=\"wp-image-342\" srcset=\"https:\/\/wishandhope.com\/wp-content\/uploads\/2025\/02\/1.jpeg-1024x581.webp 1024w, https:\/\/wishandhope.com\/wp-content\/uploads\/2025\/02\/1.jpeg-300x170.webp 300w, https:\/\/wishandhope.com\/wp-content\/uploads\/2025\/02\/1.jpeg-768x436.webp 768w, https:\/\/wishandhope.com\/wp-content\/uploads\/2025\/02\/1.jpeg-1536x871.webp 1536w, https:\/\/wishandhope.com\/wp-content\/uploads\/2025\/02\/1.jpeg-2048x1162.webp 2048w, https:\/\/wishandhope.com\/wp-content\/uploads\/2025\/02\/1.jpeg-18x10.webp 18w\" sizes=\"auto, (max-width: 1024px) 100vw, 1024px\" \/><\/figure>\n\n\n\n<figure class=\"wp-block-image size-large\"><img loading=\"lazy\" decoding=\"async\" width=\"600\" height=\"400\" data-id=\"343\" src=\"https:\/\/wishandhope.com\/wp-content\/uploads\/2025\/02\/2.webp\" alt=\"\" class=\"wp-image-343\" srcset=\"https:\/\/wishandhope.com\/wp-content\/uploads\/2025\/02\/2.webp 600w, https:\/\/wishandhope.com\/wp-content\/uploads\/2025\/02\/2-300x200.webp 300w, https:\/\/wishandhope.com\/wp-content\/uploads\/2025\/02\/2-18x12.webp 18w\" sizes=\"auto, (max-width: 600px) 100vw, 600px\" \/><\/figure>\n\n\n\n<figure class=\"wp-block-image size-large\"><img loading=\"lazy\" decoding=\"async\" width=\"612\" height=\"383\" data-id=\"344\" src=\"https:\/\/wishandhope.com\/wp-content\/uploads\/2025\/02\/3.jpg\" alt=\"\" class=\"wp-image-344\" srcset=\"https:\/\/wishandhope.com\/wp-content\/uploads\/2025\/02\/3.jpg 612w, https:\/\/wishandhope.com\/wp-content\/uploads\/2025\/02\/3-300x188.jpg 300w, https:\/\/wishandhope.com\/wp-content\/uploads\/2025\/02\/3-18x12.jpg 18w\" sizes=\"auto, (max-width: 612px) 100vw, 612px\" \/><\/figure>\n\n\n\n<figure class=\"wp-block-image size-large\"><img loading=\"lazy\" decoding=\"async\" width=\"1024\" height=\"596\" data-id=\"345\" src=\"https:\/\/wishandhope.com\/wp-content\/uploads\/2025\/02\/4-1024x596.jpg\" alt=\"\" class=\"wp-image-345\" srcset=\"https:\/\/wishandhope.com\/wp-content\/uploads\/2025\/02\/4-1024x596.jpg 1024w, https:\/\/wishandhope.com\/wp-content\/uploads\/2025\/02\/4-300x174.jpg 300w, https:\/\/wishandhope.com\/wp-content\/uploads\/2025\/02\/4-768x447.jpg 768w, https:\/\/wishandhope.com\/wp-content\/uploads\/2025\/02\/4-18x10.jpg 18w, https:\/\/wishandhope.com\/wp-content\/uploads\/2025\/02\/4.jpg 1360w\" sizes=\"auto, (max-width: 1024px) 100vw, 1024px\" \/><\/figure>\n\n\n\n<figure class=\"wp-block-image size-large\"><img loading=\"lazy\" decoding=\"async\" width=\"1024\" height=\"768\" data-id=\"346\" src=\"https:\/\/wishandhope.com\/wp-content\/uploads\/2025\/02\/5-1024x768.jpg\" alt=\"\" class=\"wp-image-346\" srcset=\"https:\/\/wishandhope.com\/wp-content\/uploads\/2025\/02\/5-1024x768.jpg 1024w, https:\/\/wishandhope.com\/wp-content\/uploads\/2025\/02\/5-300x225.jpg 300w, https:\/\/wishandhope.com\/wp-content\/uploads\/2025\/02\/5-768x576.jpg 768w, https:\/\/wishandhope.com\/wp-content\/uploads\/2025\/02\/5-1536x1152.jpg 1536w, https:\/\/wishandhope.com\/wp-content\/uploads\/2025\/02\/5-16x12.jpg 16w, https:\/\/wishandhope.com\/wp-content\/uploads\/2025\/02\/5.jpg 1920w\" sizes=\"auto, (max-width: 1024px) 100vw, 1024px\" \/><\/figure>\n\n\n\n<figure class=\"wp-block-image size-large\"><img loading=\"lazy\" decoding=\"async\" width=\"1024\" height=\"596\" data-id=\"347\" src=\"https:\/\/wishandhope.com\/wp-content\/uploads\/2025\/02\/6.jpg\" alt=\"\" class=\"wp-image-347\" srcset=\"https:\/\/wishandhope.com\/wp-content\/uploads\/2025\/02\/6.jpg 1024w, https:\/\/wishandhope.com\/wp-content\/uploads\/2025\/02\/6-300x175.jpg 300w, https:\/\/wishandhope.com\/wp-content\/uploads\/2025\/02\/6-768x447.jpg 768w, https:\/\/wishandhope.com\/wp-content\/uploads\/2025\/02\/6-18x10.jpg 18w\" sizes=\"auto, (max-width: 1024px) 100vw, 1024px\" \/><\/figure>\n<\/figure>","protected":false},"excerpt":{"rendered":"<p>How We Work Don\u2019t worry, we take care of the entire process. We deliver the container to your country. 1\ufe0f\u20e3 Free quotation: We provide a free quote for assembling your container according to your preferences, allowing different products in the same shipment. 2\ufe0f\u20e3 Container sizes: Customers can choose between a 20-foot container (maximum capacity of [&hellip;]<\/p>\n","protected":false},"author":1,"featured_media":0,"parent":0,"menu_order":0,"comment_status":"closed","ping_status":"closed","template":"","meta":{"footnotes":""},"class_list":["post-230","page","type-page","status-publish","hentry"],"_links":{"self":[{"href":"https:\/\/wishandhope.com\/es\/wp-json\/wp\/v2\/pages\/230","targetHints":{"allow":["GET"]}}],"collection":[{"href":"https:\/\/wishandhope.com\/es\/wp-json\/wp\/v2\/pages"}],"about":[{"href":"https:\/\/wishandhope.com\/es\/wp-json\/wp\/v2\/types\/page"}],"author":[{"embeddable":true,"href":"https:\/\/wishandhope.com\/es\/wp-json\/wp\/v2\/users\/1"}],"replies":[{"embeddable":true,"href":"https:\/\/wishandhope.com\/es\/wp-json\/wp\/v2\/comments?post=230"}],"version-history":[{"count":8,"href":"https:\/\/wishandhope.com\/es\/wp-json\/wp\/v2\/pages\/230\/revisions"}],"predecessor-version":[{"id":370,"href":"https:\/\/wishandhope.com\/es\/wp-json\/wp\/v2\/pages\/230\/revisions\/370"}],"wp:attachment":[{"href":"https:\/\/wishandhope.com\/es\/wp-json\/wp\/v2\/media?parent=230"}],"curies":[{"name":"wp","href":"https:\/\/api.w.org\/{rel}","templated":true}]}}