{"id":232,"date":"2025-02-14T14:18:00","date_gmt":"2025-02-14T14:18:00","guid":{"rendered":"https:\/\/wishandhope.com\/?page_id=232"},"modified":"2025-06-18T19:02:13","modified_gmt":"2025-06-18T19:02:13","slug":"como-hacer-tu-pedido","status":"publish","type":"page","link":"https:\/\/wishandhope.com\/es\/como-hacer-tu-pedido\/","title":{"rendered":"Place your order"},"content":{"rendered":"<style>\n    \/* Subrayar todos los enlaces al pasar el cursor *\/\n    a:hover {\n        text-decoration: underline !important;\n    }\n<\/style>\n\n\n<h2 class=\"wp-block-heading\">\u00bfC\u00f3mo Hacer tu Pedido?<\/h2>\n\n\n\n<p>Ponte en contacto con nosotros a trav\u00e9s de:<\/p>\n\n\n\n<p>\ud83d\udcde <strong>Tel\u00e9fono: <a href=\"tel:18888638483\">+1 (888) 863-8483<\/a><\/strong><br><strong><br>\ud83d\udcac WhatsApp: <\/strong><a href=\"https:\/\/wa.me\/4703713336\" target=\"_blank\" rel=\"noreferrer noopener\"> +1 470-371-3336<\/a><strong><a href=\"https:\/\/api.whatsapp.com\/send\/?phone=14703713336&amp;text&amp;type=phone_number&amp;app_absent=0\"><br><\/a><\/strong> <br><strong>Env\u00edanos un mensaje con tu informaci\u00f3n y nos pondremos en contacto contigo a la brevedad.<\/strong><br><br>\ud83d\udce7 <strong>Email:<\/strong> <a href=\"mailto:info@wishandhope.com\">info@wishandhope.com<\/a><\/p>\n\n\n\n<p><br>\ud83d\udde3 Hablamos espa\u00f1ol e ingl\u00e9s.<\/p>\n\n\n\n<p><br>\ud83d\udd39 <strong>Nos indicas qu\u00e9 productos necesitas y en qu\u00e9 cantidades, y te enviamos una cotizaci\u00f3n con el costo total de tu pedido.<br>\ud83d\udd39 Si est\u00e1s de acuerdo, acordamos la forma de pago y comenzamos el proceso de armado de tu contenedor.<\/strong><\/p>","protected":false},"excerpt":{"rendered":"<p>How to Place Your Order Get in touch with us through: \ud83d\udcde Phone: +1 (888) 863-8483\ud83d\udcac WhatsApp: +1 470-371-3336 Send us a message with your information, and we will get in touch with you as soon as possible. \ud83d\udce7 Email: info@wishandhope.com \ud83d\udde3 We speak Spanish and English. \ud83d\udd39 Let us know what products you need [&hellip;]<\/p>\n","protected":false},"author":1,"featured_media":0,"parent":0,"menu_order":0,"comment_status":"closed","ping_status":"closed","template":"","meta":{"footnotes":""},"class_list":["post-232","page","type-page","status-publish","hentry"],"_links":{"self":[{"href":"https:\/\/wishandhope.com\/es\/wp-json\/wp\/v2\/pages\/232","targetHints":{"allow":["GET"]}}],"collection":[{"href":"https:\/\/wishandhope.com\/es\/wp-json\/wp\/v2\/pages"}],"about":[{"href":"https:\/\/wishandhope.com\/es\/wp-json\/wp\/v2\/types\/page"}],"author":[{"embeddable":true,"href":"https:\/\/wishandhope.com\/es\/wp-json\/wp\/v2\/users\/1"}],"replies":[{"embeddable":true,"href":"https:\/\/wishandhope.com\/es\/wp-json\/wp\/v2\/comments?post=232"}],"version-history":[{"count":13,"href":"https:\/\/wishandhope.com\/es\/wp-json\/wp\/v2\/pages\/232\/revisions"}],"predecessor-version":[{"id":386,"href":"https:\/\/wishandhope.com\/es\/wp-json\/wp\/v2\/pages\/232\/revisions\/386"}],"wp:attachment":[{"href":"https:\/\/wishandhope.com\/es\/wp-json\/wp\/v2\/media?parent=232"}],"curies":[{"name":"wp","href":"https:\/\/api.w.org\/{rel}","templated":true}]}}